
{"id":1290,"date":"2009-12-17T00:00:33","date_gmt":"2009-12-17T03:00:33","guid":{"rendered":"http:\/\/old.grupoescoteirojabuti.org.br\/?page_id=1290"},"modified":"2009-12-17T13:51:10","modified_gmt":"2009-12-17T16:51:10","slug":"revista-108sp","status":"publish","type":"page","link":"https:\/\/old.grupoescoteirojabuti.org.br\/index.php\/canto-do-curioso\/revista-108sp\/","title":{"rendered":"REVISTA 108SP"},"content":{"rendered":"<p>Pessoal,<br \/>\naqui \u00e9 o local onde voc\u00eas v\u00e3o encontrar algumas das imagens mais legais e malucas que fazem parte da bela hist\u00f3ria do Grupo Escoteiro Jabuti. <\/p>\n<p>Imagens muito antigas, outras nem tanto, mas imagens que v\u00e3o fazer alguns recordar e outros a descobrirem como era.<\/p>\n<p>Aproveitem!!!<br \/>\nO Ed Thor.<\/p>\n<p>[book id=&#8217;2&#8242; \/]<\/p>\n","protected":false},"excerpt":{"rendered":"<p>Pessoal, aqui \u00e9 o local onde voc\u00eas v\u00e3o encontrar algumas das imagens mais legais e malucas que fazem parte da bela hist\u00f3ria do Grupo Escoteiro Jabuti. Imagens muito antigas, outras nem tanto, mas imagens que v\u00e3o fazer alguns recordar e outros a descobrirem como era. Aproveitem!!! O Ed Thor. [book id=&#8217;2&#8242; \/]<\/p>\n","protected":false},"author":1,"featured_media":0,"parent":1217,"menu_order":2,"comment_status":"open","ping_status":"open","template":"","meta":[],"_links":{"self":[{"href":"https:\/\/old.grupoescoteirojabuti.org.br\/index.php\/wp-json\/wp\/v2\/pages\/1290"}],"collection":[{"href":"https:\/\/old.grupoescoteirojabuti.org.br\/index.php\/wp-json\/wp\/v2\/pages"}],"about":[{"href":"https:\/\/old.grupoescoteirojabuti.org.br\/index.php\/wp-json\/wp\/v2\/types\/page"}],"author":[{"embeddable":true,"href":"https:\/\/old.grupoescoteirojabuti.org.br\/index.php\/wp-json\/wp\/v2\/users\/1"}],"replies":[{"embeddable":true,"href":"https:\/\/old.grupoescoteirojabuti.org.br\/index.php\/wp-json\/wp\/v2\/comments?post=1290"}],"version-history":[{"count":11,"href":"https:\/\/old.grupoescoteirojabuti.org.br\/index.php\/wp-json\/wp\/v2\/pages\/1290\/revisions"}],"predecessor-version":[{"id":1301,"href":"https:\/\/old.grupoescoteirojabuti.org.br\/index.php\/wp-json\/wp\/v2\/pages\/1290\/revisions\/1301"}],"up":[{"embeddable":true,"href":"https:\/\/old.grupoescoteirojabuti.org.br\/index.php\/wp-json\/wp\/v2\/pages\/1217"}],"wp:attachment":[{"href":"https:\/\/old.grupoescoteirojabuti.org.br\/index.php\/wp-json\/wp\/v2\/media?parent=1290"}],"curies":[{"name":"wp","href":"https:\/\/api.w.org\/{rel}","templated":true}]}}